{"id":1188,"date":"2022-04-26T09:47:24","date_gmt":"2022-04-26T09:47:24","guid":{"rendered":"http:\/\/paspartumimarlik.com.tr\/?page_id=1188"},"modified":"2023-10-13T12:33:55","modified_gmt":"2023-10-13T12:33:55","slug":"expo-tower","status":"publish","type":"page","link":"https:\/\/paspartumimarlik.com.tr\/tr\/projects\/expo-tower\/","title":{"rendered":"Expo Kule"},"content":{"rendered":"<h6>\n\t\t\t\t\t2016 \/ Kule Mimari Tasar\u0131m Yar\u0131\u015fmas\u0131 \/ Antalya, T\u00fcrkiye\n\t\t\t\t<\/h6>\n\t\t\t<p>Sat\u0131n alma \u00f6d\u00fcll\u00fc<\/p>\n\t<h1>\n\t\t\t\t\tExpo Antalya Kule Yar\u0131\u015fmas\u0131\n\t\t\t\t<\/h1>\n<style>#jtg-965 .modula-item .jtg-social a, .lightbox-socials.jtg-social a{ color: #ffffff }#jtg-965 .modula-item .jtg-social svg, .lightbox-socials.jtg-social svg { height: 16px; width: 16px }#jtg-965 .modula-item .jtg-social a:not(:last-child), .lightbox-socials.jtg-social a:not(:last-child) { margin-right: 10px }#jtg-965 .modula-item .figc {color:#ffffff;}#jtg-965 .modula-item .modula-item-content { transform: scale(1) }#jtg-965 { width:100%;}#jtg-965 .modula-items .figc p.description { font-size:14px; }#jtg-965 .modula-items .figc p.description { color:#ffffff;}#jtg-965.modula-gallery .modula-item > a, #jtg-965.modula-gallery .modula-item, #jtg-965.modula-gallery .modula-item-content > a { cursor:zoom-in; } @media screen and (max-width:480px){#jtg-965 .modula-item .figc .jtg-title {  font-size: 12px; }#jtg-965 .modula-items .figc p.description { color:#ffffff;font-size:10px; }}<\/style>\n<!-- Gallery Container -->\n\t<!-- Items Container -->\n\t\t\t\t\t<a data-image-id=\"1125\" href=\"https:\/\/paspartumimarlik.com.tr\/wp-content\/uploads\/2022\/04\/Expo-kule_1.jpg\" rel=\"jtg-965\" data-caption=\"\" aria-label=\"Open image in lightbox\" title=\"Open image in lightbox\"><\/a>\n\t\t<img loading=\"lazy\" decoding=\"async\" data-valign=\"middle\" data-halign=\"center\" alt=\"\" data-full=\"http:\/\/paspartumimarlik.com.tr\/wp-content\/uploads\/2022\/04\/Expo-kule_1.jpg\" title=\"Expo kule_1\" width=\"1105\" height=\"2397\" src=\"https:\/\/paspartumimarlik.com.tr\/wp-content\/uploads\/2022\/04\/Expo-kule_1.jpg\" data-src=\"https:\/\/paspartumimarlik.com.tr\/wp-content\/uploads\/2022\/04\/Expo-kule_1.jpg\" data-caption=\"\" data-srcset=\"https:\/\/paspartumimarlik.com.tr\/wp-content\/uploads\/2022\/04\/Expo-kule_1.jpg 1105w, https:\/\/paspartumimarlik.com.tr\/wp-content\/uploads\/2022\/04\/Expo-kule_1-138x300.jpg 138w, https:\/\/paspartumimarlik.com.tr\/wp-content\/uploads\/2022\/04\/Expo-kule_1-472x1024.jpg 472w, https:\/\/paspartumimarlik.com.tr\/wp-content\/uploads\/2022\/04\/Expo-kule_1-768x1666.jpg 768w, https:\/\/paspartumimarlik.com.tr\/wp-content\/uploads\/2022\/04\/Expo-kule_1-708x1536.jpg 708w, https:\/\/paspartumimarlik.com.tr\/wp-content\/uploads\/2022\/04\/Expo-kule_1-944x2048.jpg 944w, https:\/\/paspartumimarlik.com.tr\/wp-content\/uploads\/2022\/04\/Expo-kule_1-6x12.jpg 6w\" data-sizes=\"(max-width: 1105px) 100vw, 1105px\" \/>\n\t\t\t\t\t<a data-image-id=\"1126\" href=\"https:\/\/paspartumimarlik.com.tr\/wp-content\/uploads\/2022\/04\/Expo-kule_2.jpg\" rel=\"jtg-965\" data-caption=\"\" aria-label=\"Open image in lightbox\" title=\"Open image in lightbox\"><\/a>\n\t\t<img loading=\"lazy\" decoding=\"async\" data-valign=\"middle\" data-halign=\"center\" alt=\"\" data-full=\"http:\/\/paspartumimarlik.com.tr\/wp-content\/uploads\/2022\/04\/Expo-kule_2.jpg\" title=\"Expo kule_2\" width=\"635\" height=\"968\" src=\"https:\/\/paspartumimarlik.com.tr\/wp-content\/uploads\/2022\/04\/Expo-kule_2.jpg\" data-src=\"https:\/\/paspartumimarlik.com.tr\/wp-content\/uploads\/2022\/04\/Expo-kule_2.jpg\" data-caption=\"\" data-srcset=\"https:\/\/paspartumimarlik.com.tr\/wp-content\/uploads\/2022\/04\/Expo-kule_2.jpg 635w, https:\/\/paspartumimarlik.com.tr\/wp-content\/uploads\/2022\/04\/Expo-kule_2-197x300.jpg 197w, https:\/\/paspartumimarlik.com.tr\/wp-content\/uploads\/2022\/04\/Expo-kule_2-8x12.jpg 8w\" data-sizes=\"(max-width: 635px) 100vw, 635px\" \/>\n\t\t\t\t\t<a data-image-id=\"1127\" href=\"https:\/\/paspartumimarlik.com.tr\/wp-content\/uploads\/2022\/04\/Expo-kule_3-1.jpg\" rel=\"jtg-965\" data-caption=\"\" aria-label=\"Open image in lightbox\" title=\"Open image in lightbox\"><\/a>\n\t\t<img loading=\"lazy\" decoding=\"async\" data-valign=\"middle\" data-halign=\"center\" alt=\"\" data-full=\"http:\/\/paspartumimarlik.com.tr\/wp-content\/uploads\/2022\/04\/Expo-kule_3-1.jpg\" title=\"Expo kule_3\" width=\"701\" height=\"1067\" src=\"https:\/\/paspartumimarlik.com.tr\/wp-content\/uploads\/2022\/04\/Expo-kule_3-1.jpg\" data-src=\"https:\/\/paspartumimarlik.com.tr\/wp-content\/uploads\/2022\/04\/Expo-kule_3-1.jpg\" data-caption=\"\" data-srcset=\"https:\/\/paspartumimarlik.com.tr\/wp-content\/uploads\/2022\/04\/Expo-kule_3-1.jpg 701w, https:\/\/paspartumimarlik.com.tr\/wp-content\/uploads\/2022\/04\/Expo-kule_3-1-197x300.jpg 197w, https:\/\/paspartumimarlik.com.tr\/wp-content\/uploads\/2022\/04\/Expo-kule_3-1-673x1024.jpg 673w, https:\/\/paspartumimarlik.com.tr\/wp-content\/uploads\/2022\/04\/Expo-kule_3-1-8x12.jpg 8w\" data-sizes=\"(max-width: 701px) 100vw, 701px\" \/>\n\t\t\t\t\t<a data-image-id=\"1128\" href=\"https:\/\/paspartumimarlik.com.tr\/wp-content\/uploads\/2022\/04\/Expo-kule_4.jpg\" rel=\"jtg-965\" data-caption=\"\" aria-label=\"Open image in lightbox\" title=\"Open image in lightbox\"><\/a>\n\t\t<img loading=\"lazy\" decoding=\"async\" data-valign=\"middle\" data-halign=\"center\" alt=\"\" data-full=\"http:\/\/paspartumimarlik.com.tr\/wp-content\/uploads\/2022\/04\/Expo-kule_4.jpg\" title=\"Expo kule_4\" width=\"709\" height=\"1538\" src=\"https:\/\/paspartumimarlik.com.tr\/wp-content\/uploads\/2022\/04\/Expo-kule_4.jpg\" data-src=\"https:\/\/paspartumimarlik.com.tr\/wp-content\/uploads\/2022\/04\/Expo-kule_4.jpg\" data-caption=\"\" data-srcset=\"https:\/\/paspartumimarlik.com.tr\/wp-content\/uploads\/2022\/04\/Expo-kule_4.jpg 709w, https:\/\/paspartumimarlik.com.tr\/wp-content\/uploads\/2022\/04\/Expo-kule_4-138x300.jpg 138w, https:\/\/paspartumimarlik.com.tr\/wp-content\/uploads\/2022\/04\/Expo-kule_4-472x1024.jpg 472w, https:\/\/paspartumimarlik.com.tr\/wp-content\/uploads\/2022\/04\/Expo-kule_4-708x1536.jpg 708w, https:\/\/paspartumimarlik.com.tr\/wp-content\/uploads\/2022\/04\/Expo-kule_4-6x12.jpg 6w\" data-sizes=\"(max-width: 709px) 100vw, 709px\" \/>\n\t\t\t\t\t<a data-image-id=\"1129\" href=\"https:\/\/paspartumimarlik.com.tr\/wp-content\/uploads\/2022\/04\/Expo-kule_5.jpg\" rel=\"jtg-965\" data-caption=\"\" aria-label=\"Open image in lightbox\" title=\"Open image in lightbox\"><\/a>\n\t\t<img loading=\"lazy\" decoding=\"async\" data-valign=\"middle\" data-halign=\"center\" alt=\"\" data-full=\"http:\/\/paspartumimarlik.com.tr\/wp-content\/uploads\/2022\/04\/Expo-kule_5.jpg\" title=\"Expo kule_5\" width=\"1240\" height=\"1893\" src=\"https:\/\/paspartumimarlik.com.tr\/wp-content\/uploads\/2022\/04\/Expo-kule_5.jpg\" data-src=\"https:\/\/paspartumimarlik.com.tr\/wp-content\/uploads\/2022\/04\/Expo-kule_5.jpg\" data-caption=\"\" data-srcset=\"https:\/\/paspartumimarlik.com.tr\/wp-content\/uploads\/2022\/04\/Expo-kule_5.jpg 1240w, https:\/\/paspartumimarlik.com.tr\/wp-content\/uploads\/2022\/04\/Expo-kule_5-197x300.jpg 197w, https:\/\/paspartumimarlik.com.tr\/wp-content\/uploads\/2022\/04\/Expo-kule_5-671x1024.jpg 671w, https:\/\/paspartumimarlik.com.tr\/wp-content\/uploads\/2022\/04\/Expo-kule_5-768x1172.jpg 768w, https:\/\/paspartumimarlik.com.tr\/wp-content\/uploads\/2022\/04\/Expo-kule_5-1006x1536.jpg 1006w, https:\/\/paspartumimarlik.com.tr\/wp-content\/uploads\/2022\/04\/Expo-kule_5-8x12.jpg 8w\" data-sizes=\"(max-width: 1240px) 100vw, 1240px\" \/>\n\t\t\t\t\t<a data-image-id=\"1130\" href=\"https:\/\/paspartumimarlik.com.tr\/wp-content\/uploads\/2022\/04\/Expo-kule_6.jpg\" rel=\"jtg-965\" data-caption=\"\" aria-label=\"Open image in lightbox\" title=\"Open image in lightbox\"><\/a>\n\t\t<img loading=\"lazy\" decoding=\"async\" data-valign=\"middle\" data-halign=\"center\" alt=\"\" data-full=\"http:\/\/paspartumimarlik.com.tr\/wp-content\/uploads\/2022\/04\/Expo-kule_6.jpg\" title=\"Expo kule_6\" width=\"1267\" height=\"1931\" src=\"https:\/\/paspartumimarlik.com.tr\/wp-content\/uploads\/2022\/04\/Expo-kule_6.jpg\" data-src=\"https:\/\/paspartumimarlik.com.tr\/wp-content\/uploads\/2022\/04\/Expo-kule_6.jpg\" data-caption=\"\" data-srcset=\"https:\/\/paspartumimarlik.com.tr\/wp-content\/uploads\/2022\/04\/Expo-kule_6.jpg 1267w, https:\/\/paspartumimarlik.com.tr\/wp-content\/uploads\/2022\/04\/Expo-kule_6-197x300.jpg 197w, https:\/\/paspartumimarlik.com.tr\/wp-content\/uploads\/2022\/04\/Expo-kule_6-672x1024.jpg 672w, https:\/\/paspartumimarlik.com.tr\/wp-content\/uploads\/2022\/04\/Expo-kule_6-768x1170.jpg 768w, https:\/\/paspartumimarlik.com.tr\/wp-content\/uploads\/2022\/04\/Expo-kule_6-1008x1536.jpg 1008w, https:\/\/paspartumimarlik.com.tr\/wp-content\/uploads\/2022\/04\/Expo-kule_6-8x12.jpg 8w\" data-sizes=\"(max-width: 1267px) 100vw, 1267px\" \/>\n\t<a href=\"https:\/\/paspartumimarlik.com.tr\/wp-admin\/post.php?post=965&#038;action=edit#!modula-general\">Edit gallery<\/a>\n\t\t\t<a href=\"http:\/\/paspartumimarlik.com.tr\/tr\/projects\/#competitions\" target=\"_self\" role=\"button\" rel=\"noopener\">\n\t\t\t\t\t\t\tYar\u0131\u015fmalara geri gidin\n\t\t\t\t\t<\/a>","protected":false},"excerpt":{"rendered":"<p>2016 \/ Tower Architectural Design Competition \/ Antalya, Turkey Winner of the purchase award Expo Antalya Tower Competition Edit gallery Back to Competitions<\/p>","protected":false},"author":1,"featured_media":0,"parent":3923,"menu_order":0,"comment_status":"closed","ping_status":"closed","template":"","meta":{"_monsterinsights_skip_tracking":false,"_monsterinsights_sitenote_active":false,"_monsterinsights_sitenote_note":"","_monsterinsights_sitenote_category":0,"site-sidebar-layout":"no-sidebar","site-content-layout":"page-builder","ast-site-content-layout":"","site-content-style":"default","site-sidebar-style":"default","ast-global-header-display":"","ast-banner-title-visibility":"","ast-main-header-display":"","ast-hfb-above-header-display":"","ast-hfb-below-header-display":"","ast-hfb-mobile-header-display":"","site-post-title":"disabled","ast-breadcrumbs-content":"","ast-featured-img":"disabled","footer-sml-layout":"","theme-transparent-header-meta":"enabled","adv-header-id-meta":"","stick-header-meta":"","header-above-stick-meta":"","header-main-stick-meta":"","header-below-stick-meta":"","astra-migrate-meta-layouts":"default","ast-page-background-enabled":"default","ast-page-background-meta":{"desktop":{"background-color":"","background-image":"","background-repeat":"repeat","background-position":"center center","background-size":"auto","background-attachment":"scroll","background-type":"","background-media":"","overlay-type":"","overlay-color":"","overlay-opacity":"","overlay-gradient":""},"tablet":{"background-color":"","background-image":"","background-repeat":"repeat","background-position":"center center","background-size":"auto","background-attachment":"scroll","background-type":"","background-media":"","overlay-type":"","overlay-color":"","overlay-opacity":"","overlay-gradient":""},"mobile":{"background-color":"","background-image":"","background-repeat":"repeat","background-position":"center center","background-size":"auto","background-attachment":"scroll","background-type":"","background-media":"","overlay-type":"","overlay-color":"","overlay-opacity":"","overlay-gradient":""}},"ast-content-background-meta":{"desktop":{"background-color":"var(--ast-global-color-5)","background-image":"","background-repeat":"repeat","background-position":"center center","background-size":"auto","background-attachment":"scroll","background-type":"","background-media":"","overlay-type":"","overlay-color":"","overlay-opacity":"","overlay-gradient":""},"tablet":{"background-color":"var(--ast-global-color-5)","background-image":"","background-repeat":"repeat","background-position":"center center","background-size":"auto","background-attachment":"scroll","background-type":"","background-media":"","overlay-type":"","overlay-color":"","overlay-opacity":"","overlay-gradient":""},"mobile":{"background-color":"var(--ast-global-color-5)","background-image":"","background-repeat":"repeat","background-position":"center center","background-size":"auto","background-attachment":"scroll","background-type":"","background-media":"","overlay-type":"","overlay-color":"","overlay-opacity":"","overlay-gradient":""}},"footnotes":""},"class_list":["post-1188","page","type-page","status-publish","hentry"],"yoast_head":"<!-- This site is optimized with the Yoast SEO plugin v23.3 - https:\/\/yoast.com\/wordpress\/plugins\/seo\/ -->\n<title>Expo Tower - Paspartu Mimarl\u0131k<\/title>\n<meta name=\"robots\" content=\"index, follow, max-snippet:-1, max-image-preview:large, max-video-preview:-1\" \/>\n<link rel=\"canonical\" href=\"https:\/\/paspartumimarlik.com.tr\/tr\/projects\/expo-tower\/\" \/>\n<meta property=\"og:locale\" content=\"tr_TR\" \/>\n<meta property=\"og:type\" content=\"article\" \/>\n<meta property=\"og:title\" content=\"Expo Tower - Paspartu Mimarl\u0131k\" \/>\n<meta property=\"og:description\" content=\"2016 \/ Tower Architectural Design Competition \/ Antalya, Turkey Winner of the purchase award Expo Antalya Tower Competition Edit gallery Back to Competitions\" \/>\n<meta property=\"og:url\" content=\"https:\/\/paspartumimarlik.com.tr\/tr\/projects\/expo-tower\/\" \/>\n<meta property=\"og:site_name\" content=\"Paspartu Mimarl\u0131k\" \/>\n<meta property=\"article:modified_time\" content=\"2023-10-13T12:33:55+00:00\" \/>\n<meta property=\"og:image\" content=\"https:\/\/paspartumimarlik.com.tr\/wp-content\/uploads\/2022\/04\/Expo-kule_1.jpg\" \/>\n<meta name=\"twitter:card\" content=\"summary_large_image\" \/>\n<meta name=\"twitter:label1\" content=\"Tahmini okuma s\u00fcresi\" \/>\n\t<meta name=\"twitter:data1\" content=\"2 dakika\" \/>\n<script type=\"application\/ld+json\" class=\"yoast-schema-graph\">{\"@context\":\"https:\/\/schema.org\",\"@graph\":[{\"@type\":\"WebPage\",\"@id\":\"https:\/\/paspartumimarlik.com.tr\/en\/projects\/expo-tower\/\",\"url\":\"https:\/\/paspartumimarlik.com.tr\/en\/projects\/expo-tower\/\",\"name\":\"Expo Tower - Paspartu Mimarl\u0131k\",\"isPartOf\":{\"@id\":\"https:\/\/paspartumimarlik.com.tr\/#website\"},\"primaryImageOfPage\":{\"@id\":\"https:\/\/paspartumimarlik.com.tr\/en\/projects\/expo-tower\/#primaryimage\"},\"image\":{\"@id\":\"https:\/\/paspartumimarlik.com.tr\/en\/projects\/expo-tower\/#primaryimage\"},\"thumbnailUrl\":\"https:\/\/paspartumimarlik.com.tr\/wp-content\/uploads\/2022\/04\/Expo-kule_1.jpg\",\"datePublished\":\"2022-04-26T09:47:24+00:00\",\"dateModified\":\"2023-10-13T12:33:55+00:00\",\"breadcrumb\":{\"@id\":\"https:\/\/paspartumimarlik.com.tr\/en\/projects\/expo-tower\/#breadcrumb\"},\"inLanguage\":\"tr\",\"potentialAction\":[{\"@type\":\"ReadAction\",\"target\":[\"https:\/\/paspartumimarlik.com.tr\/en\/projects\/expo-tower\/\"]}]},{\"@type\":\"ImageObject\",\"inLanguage\":\"tr\",\"@id\":\"https:\/\/paspartumimarlik.com.tr\/en\/projects\/expo-tower\/#primaryimage\",\"url\":\"https:\/\/paspartumimarlik.com.tr\/wp-content\/uploads\/2022\/04\/Expo-kule_1.jpg\",\"contentUrl\":\"https:\/\/paspartumimarlik.com.tr\/wp-content\/uploads\/2022\/04\/Expo-kule_1.jpg\"},{\"@type\":\"BreadcrumbList\",\"@id\":\"https:\/\/paspartumimarlik.com.tr\/en\/projects\/expo-tower\/#breadcrumb\",\"itemListElement\":[{\"@type\":\"ListItem\",\"position\":1,\"name\":\"Home\",\"item\":\"https:\/\/paspartumimarlik.com.tr\/en\/\"},{\"@type\":\"ListItem\",\"position\":2,\"name\":\"Projects\",\"item\":\"https:\/\/paspartumimarlik.com.tr\/en\/projects\/\"},{\"@type\":\"ListItem\",\"position\":3,\"name\":\"Expo Tower\"}]},{\"@type\":\"WebSite\",\"@id\":\"https:\/\/paspartumimarlik.com.tr\/#website\",\"url\":\"https:\/\/paspartumimarlik.com.tr\/\",\"name\":\"Paspartu Mimarl\u0131k\",\"description\":\"Architecture &amp; Design\",\"publisher\":{\"@id\":\"https:\/\/paspartumimarlik.com.tr\/#organization\"},\"potentialAction\":[{\"@type\":\"SearchAction\",\"target\":{\"@type\":\"EntryPoint\",\"urlTemplate\":\"https:\/\/paspartumimarlik.com.tr\/?s={search_term_string}\"},\"query-input\":\"required name=search_term_string\"}],\"inLanguage\":\"tr\"},{\"@type\":\"Organization\",\"@id\":\"https:\/\/paspartumimarlik.com.tr\/#organization\",\"name\":\"Paspartu Mimarl\u0131k - Architecture & Design\",\"url\":\"https:\/\/paspartumimarlik.com.tr\/\",\"logo\":{\"@type\":\"ImageObject\",\"inLanguage\":\"tr\",\"@id\":\"https:\/\/paspartumimarlik.com.tr\/#\/schema\/logo\/image\/\",\"url\":\"http:\/\/paspartumimarlik.com.tr\/wp-content\/uploads\/2022\/04\/paspartu_org-1.png\",\"contentUrl\":\"http:\/\/paspartumimarlik.com.tr\/wp-content\/uploads\/2022\/04\/paspartu_org-1.png\",\"width\":1487,\"height\":410,\"caption\":\"Paspartu Mimarl\u0131k - Architecture & Design\"},\"image\":{\"@id\":\"https:\/\/paspartumimarlik.com.tr\/#\/schema\/logo\/image\/\"}}]}<\/script>\n<!-- \/ Yoast SEO plugin. -->","yoast_head_json":{"title":"Expo Tower - Paspartu Mimarl\u0131k","robots":{"index":"index","follow":"follow","max-snippet":"max-snippet:-1","max-image-preview":"max-image-preview:large","max-video-preview":"max-video-preview:-1"},"canonical":"https:\/\/paspartumimarlik.com.tr\/tr\/projects\/expo-tower\/","og_locale":"tr_TR","og_type":"article","og_title":"Expo Tower - Paspartu Mimarl\u0131k","og_description":"2016 \/ Tower Architectural Design Competition \/ Antalya, Turkey Winner of the purchase award Expo Antalya Tower Competition Edit gallery Back to Competitions","og_url":"https:\/\/paspartumimarlik.com.tr\/tr\/projects\/expo-tower\/","og_site_name":"Paspartu Mimarl\u0131k","article_modified_time":"2023-10-13T12:33:55+00:00","og_image":[{"url":"https:\/\/paspartumimarlik.com.tr\/wp-content\/uploads\/2022\/04\/Expo-kule_1.jpg"}],"twitter_card":"summary_large_image","twitter_misc":{"Tahmini okuma s\u00fcresi":"2 dakika"},"schema":{"@context":"https:\/\/schema.org","@graph":[{"@type":"WebPage","@id":"https:\/\/paspartumimarlik.com.tr\/en\/projects\/expo-tower\/","url":"https:\/\/paspartumimarlik.com.tr\/en\/projects\/expo-tower\/","name":"Expo Tower - Paspartu Mimarl\u0131k","isPartOf":{"@id":"https:\/\/paspartumimarlik.com.tr\/#website"},"primaryImageOfPage":{"@id":"https:\/\/paspartumimarlik.com.tr\/en\/projects\/expo-tower\/#primaryimage"},"image":{"@id":"https:\/\/paspartumimarlik.com.tr\/en\/projects\/expo-tower\/#primaryimage"},"thumbnailUrl":"https:\/\/paspartumimarlik.com.tr\/wp-content\/uploads\/2022\/04\/Expo-kule_1.jpg","datePublished":"2022-04-26T09:47:24+00:00","dateModified":"2023-10-13T12:33:55+00:00","breadcrumb":{"@id":"https:\/\/paspartumimarlik.com.tr\/en\/projects\/expo-tower\/#breadcrumb"},"inLanguage":"tr","potentialAction":[{"@type":"ReadAction","target":["https:\/\/paspartumimarlik.com.tr\/en\/projects\/expo-tower\/"]}]},{"@type":"ImageObject","inLanguage":"tr","@id":"https:\/\/paspartumimarlik.com.tr\/en\/projects\/expo-tower\/#primaryimage","url":"https:\/\/paspartumimarlik.com.tr\/wp-content\/uploads\/2022\/04\/Expo-kule_1.jpg","contentUrl":"https:\/\/paspartumimarlik.com.tr\/wp-content\/uploads\/2022\/04\/Expo-kule_1.jpg"},{"@type":"BreadcrumbList","@id":"https:\/\/paspartumimarlik.com.tr\/en\/projects\/expo-tower\/#breadcrumb","itemListElement":[{"@type":"ListItem","position":1,"name":"Home","item":"https:\/\/paspartumimarlik.com.tr\/en\/"},{"@type":"ListItem","position":2,"name":"Projects","item":"https:\/\/paspartumimarlik.com.tr\/en\/projects\/"},{"@type":"ListItem","position":3,"name":"Expo Tower"}]},{"@type":"WebSite","@id":"https:\/\/paspartumimarlik.com.tr\/#website","url":"https:\/\/paspartumimarlik.com.tr\/","name":"Paspartu Mimarl\u0131k","description":"Architecture &amp; Design","publisher":{"@id":"https:\/\/paspartumimarlik.com.tr\/#organization"},"potentialAction":[{"@type":"SearchAction","target":{"@type":"EntryPoint","urlTemplate":"https:\/\/paspartumimarlik.com.tr\/?s={search_term_string}"},"query-input":"required name=search_term_string"}],"inLanguage":"tr"},{"@type":"Organization","@id":"https:\/\/paspartumimarlik.com.tr\/#organization","name":"Paspartu Mimarl\u0131k - Architecture & Design","url":"https:\/\/paspartumimarlik.com.tr\/","logo":{"@type":"ImageObject","inLanguage":"tr","@id":"https:\/\/paspartumimarlik.com.tr\/#\/schema\/logo\/image\/","url":"http:\/\/paspartumimarlik.com.tr\/wp-content\/uploads\/2022\/04\/paspartu_org-1.png","contentUrl":"http:\/\/paspartumimarlik.com.tr\/wp-content\/uploads\/2022\/04\/paspartu_org-1.png","width":1487,"height":410,"caption":"Paspartu Mimarl\u0131k - Architecture & Design"},"image":{"@id":"https:\/\/paspartumimarlik.com.tr\/#\/schema\/logo\/image\/"}}]}},"_links":{"self":[{"href":"https:\/\/paspartumimarlik.com.tr\/tr\/wp-json\/wp\/v2\/pages\/1188","targetHints":{"allow":["GET"]}}],"collection":[{"href":"https:\/\/paspartumimarlik.com.tr\/tr\/wp-json\/wp\/v2\/pages"}],"about":[{"href":"https:\/\/paspartumimarlik.com.tr\/tr\/wp-json\/wp\/v2\/types\/page"}],"author":[{"embeddable":true,"href":"https:\/\/paspartumimarlik.com.tr\/tr\/wp-json\/wp\/v2\/users\/1"}],"replies":[{"embeddable":true,"href":"https:\/\/paspartumimarlik.com.tr\/tr\/wp-json\/wp\/v2\/comments?post=1188"}],"version-history":[{"count":0,"href":"https:\/\/paspartumimarlik.com.tr\/tr\/wp-json\/wp\/v2\/pages\/1188\/revisions"}],"up":[{"embeddable":true,"href":"https:\/\/paspartumimarlik.com.tr\/tr\/wp-json\/wp\/v2\/pages\/3923"}],"wp:attachment":[{"href":"https:\/\/paspartumimarlik.com.tr\/tr\/wp-json\/wp\/v2\/media?parent=1188"}],"curies":[{"name":"wp","href":"https:\/\/api.w.org\/{rel}","templated":true}]}}