{"id":1180,"date":"2022-04-26T09:34:39","date_gmt":"2022-04-26T09:34:39","guid":{"rendered":"http:\/\/paspartumimarlik.com.tr\/?page_id=1180"},"modified":"2023-10-13T12:33:47","modified_gmt":"2023-10-13T12:33:47","slug":"evergreen-trade-office","status":"publish","type":"page","link":"https:\/\/paspartumimarlik.com.tr\/tr\/projects\/evergreen-trade-office\/","title":{"rendered":"Evergreen Ticaret Ofisi"},"content":{"rendered":"<h6>\n\t\t\t\t\t2022 \/ Istanbul, T\u00fcrkiye\n\t\t\t\t<\/h6>\n\t<h1>\n\t\t\t\t\tEvergreen Ticaret Ofisi\n\t\t\t\t<\/h1>\n<style>#jtg-1919 .modula-item .jtg-social a, .lightbox-socials.jtg-social a{ color: #ffffff }#jtg-1919 .modula-item .jtg-social svg, .lightbox-socials.jtg-social svg { height: 16px; width: 16px }#jtg-1919 .modula-item .jtg-social a:not(:last-child), .lightbox-socials.jtg-social a:not(:last-child) { margin-right: 10px }#jtg-1919 .modula-item .figc {color:#ffffff;}#jtg-1919 .modula-item .modula-item-content { transform: scale(1) }#jtg-1919 { width:100%;}#jtg-1919 .modula-items .figc p.description { font-size:14px; }#jtg-1919 .modula-items .figc p.description { color:#ffffff;}#jtg-1919.modula-gallery .modula-item > a, #jtg-1919.modula-gallery .modula-item, #jtg-1919.modula-gallery .modula-item-content > a { cursor:zoom-in; } @media screen and (max-width:480px){#jtg-1919 .modula-item .figc .jtg-title {  font-size: 12px; }#jtg-1919 .modula-items .figc p.description { color:#ffffff;font-size:10px; }}<\/style>\n<!-- Gallery Container -->\n\t<!-- Items Container -->\n\t\t\t\t\t<a data-image-id=\"1002\" href=\"http:\/\/paspartumimarlik.com.tr\/wp-content\/uploads\/2022\/04\/salon-gorunus-2.jpg\" rel=\"jtg-1919\" data-caption=\"\" aria-label=\"Open image in lightbox\" title=\"Open image in lightbox\"><\/a>\n\t\t<img loading=\"lazy\" decoding=\"async\" data-valign=\"middle\" data-halign=\"center\" alt=\"\" data-full=\"http:\/\/paspartumimarlik.com.tr\/wp-content\/uploads\/2022\/04\/salon-gorunus-2.jpg\" title=\"salon g\u00f6r\u00fcn\u00fc\u015f\" width=\"0\" height=\"0\" src=\"http:\/\/paspartumimarlik.com.tr\/wp-content\/uploads\/2022\/04\/salon-gorunus-2.jpg\" data-src=\"http:\/\/paspartumimarlik.com.tr\/wp-content\/uploads\/2022\/04\/salon-gorunus-2.jpg\" data-caption=\"\" data-srcset=\"http:\/\/paspartumimarlik.com.tr\/wp-content\/uploads\/2022\/04\/salon-gorunus-2.jpg 1191w, http:\/\/paspartumimarlik.com.tr\/wp-content\/uploads\/2022\/04\/salon-gorunus-2-300x212.jpg 300w, http:\/\/paspartumimarlik.com.tr\/wp-content\/uploads\/2022\/04\/salon-gorunus-2-1024x724.jpg 1024w, http:\/\/paspartumimarlik.com.tr\/wp-content\/uploads\/2022\/04\/salon-gorunus-2-768x543.jpg 768w, http:\/\/paspartumimarlik.com.tr\/wp-content\/uploads\/2022\/04\/salon-gorunus-2-18x12.jpg 18w\" data-sizes=\"(max-width: 1191px) 100vw, 1191px\" \/>\n\t\t\t\t\t<a data-image-id=\"1003\" href=\"http:\/\/paspartumimarlik.com.tr\/wp-content\/uploads\/2022\/04\/salon-gorunus1.jpg\" rel=\"jtg-1919\" data-caption=\"\" aria-label=\"Open image in lightbox\" title=\"Open image in lightbox\"><\/a>\n\t\t<img loading=\"lazy\" decoding=\"async\" data-valign=\"middle\" data-halign=\"center\" alt=\"\" data-full=\"http:\/\/paspartumimarlik.com.tr\/wp-content\/uploads\/2022\/04\/salon-gorunus1.jpg\" title=\"salon g\u00f6r\u00fcn\u00fc\u015f1\" width=\"0\" height=\"0\" src=\"http:\/\/paspartumimarlik.com.tr\/wp-content\/uploads\/2022\/04\/salon-gorunus1.jpg\" data-src=\"http:\/\/paspartumimarlik.com.tr\/wp-content\/uploads\/2022\/04\/salon-gorunus1.jpg\" data-caption=\"\" data-srcset=\"http:\/\/paspartumimarlik.com.tr\/wp-content\/uploads\/2022\/04\/salon-gorunus1.jpg 1191w, http:\/\/paspartumimarlik.com.tr\/wp-content\/uploads\/2022\/04\/salon-gorunus1-300x212.jpg 300w, http:\/\/paspartumimarlik.com.tr\/wp-content\/uploads\/2022\/04\/salon-gorunus1-1024x724.jpg 1024w, http:\/\/paspartumimarlik.com.tr\/wp-content\/uploads\/2022\/04\/salon-gorunus1-768x543.jpg 768w, http:\/\/paspartumimarlik.com.tr\/wp-content\/uploads\/2022\/04\/salon-gorunus1-18x12.jpg 18w\" data-sizes=\"(max-width: 1191px) 100vw, 1191px\" \/>\n\t\t\t\t\t<a data-image-id=\"1004\" href=\"http:\/\/paspartumimarlik.com.tr\/wp-content\/uploads\/2022\/04\/salon-gorunus2.jpg\" rel=\"jtg-1919\" data-caption=\"\" aria-label=\"Open image in lightbox\" title=\"Open image in lightbox\"><\/a>\n\t\t<img loading=\"lazy\" decoding=\"async\" data-valign=\"middle\" data-halign=\"center\" alt=\"\" data-full=\"http:\/\/paspartumimarlik.com.tr\/wp-content\/uploads\/2022\/04\/salon-gorunus2.jpg\" title=\"salon g\u00f6r\u00fcn\u00fc\u015f2\" width=\"0\" height=\"0\" src=\"http:\/\/paspartumimarlik.com.tr\/wp-content\/uploads\/2022\/04\/salon-gorunus2.jpg\" data-src=\"http:\/\/paspartumimarlik.com.tr\/wp-content\/uploads\/2022\/04\/salon-gorunus2.jpg\" data-caption=\"\" data-srcset=\"http:\/\/paspartumimarlik.com.tr\/wp-content\/uploads\/2022\/04\/salon-gorunus2.jpg 1191w, http:\/\/paspartumimarlik.com.tr\/wp-content\/uploads\/2022\/04\/salon-gorunus2-300x212.jpg 300w, http:\/\/paspartumimarlik.com.tr\/wp-content\/uploads\/2022\/04\/salon-gorunus2-1024x724.jpg 1024w, http:\/\/paspartumimarlik.com.tr\/wp-content\/uploads\/2022\/04\/salon-gorunus2-768x543.jpg 768w, http:\/\/paspartumimarlik.com.tr\/wp-content\/uploads\/2022\/04\/salon-gorunus2-18x12.jpg 18w\" data-sizes=\"(max-width: 1191px) 100vw, 1191px\" \/>\n\t\t\t\t\t<a data-image-id=\"1005\" href=\"http:\/\/paspartumimarlik.com.tr\/wp-content\/uploads\/2022\/04\/salon-gorunus4.jpg\" rel=\"jtg-1919\" data-caption=\"\" aria-label=\"Open image in lightbox\" title=\"Open image in lightbox\"><\/a>\n\t\t<img loading=\"lazy\" decoding=\"async\" data-valign=\"middle\" data-halign=\"center\" alt=\"\" data-full=\"http:\/\/paspartumimarlik.com.tr\/wp-content\/uploads\/2022\/04\/salon-gorunus4.jpg\" title=\"salon g\u00f6r\u00fcn\u00fc\u015f4\" width=\"0\" height=\"0\" src=\"http:\/\/paspartumimarlik.com.tr\/wp-content\/uploads\/2022\/04\/salon-gorunus4.jpg\" data-src=\"http:\/\/paspartumimarlik.com.tr\/wp-content\/uploads\/2022\/04\/salon-gorunus4.jpg\" data-caption=\"\" data-srcset=\"http:\/\/paspartumimarlik.com.tr\/wp-content\/uploads\/2022\/04\/salon-gorunus4.jpg 1191w, http:\/\/paspartumimarlik.com.tr\/wp-content\/uploads\/2022\/04\/salon-gorunus4-300x212.jpg 300w, http:\/\/paspartumimarlik.com.tr\/wp-content\/uploads\/2022\/04\/salon-gorunus4-1024x724.jpg 1024w, http:\/\/paspartumimarlik.com.tr\/wp-content\/uploads\/2022\/04\/salon-gorunus4-768x543.jpg 768w, http:\/\/paspartumimarlik.com.tr\/wp-content\/uploads\/2022\/04\/salon-gorunus4-18x12.jpg 18w\" data-sizes=\"(max-width: 1191px) 100vw, 1191px\" \/>\n\t\t\t\t\t<a data-image-id=\"1006\" href=\"http:\/\/paspartumimarlik.com.tr\/wp-content\/uploads\/2022\/04\/salon-gorunus6-1.jpg\" rel=\"jtg-1919\" data-caption=\"\" aria-label=\"Open image in lightbox\" title=\"Open image in lightbox\"><\/a>\n\t\t<img loading=\"lazy\" decoding=\"async\" data-valign=\"middle\" data-halign=\"center\" alt=\"\" data-full=\"http:\/\/paspartumimarlik.com.tr\/wp-content\/uploads\/2022\/04\/salon-gorunus6-1.jpg\" title=\"salon g\u00f6r\u00fcn\u00fc\u015f6\" width=\"0\" height=\"0\" src=\"http:\/\/paspartumimarlik.com.tr\/wp-content\/uploads\/2022\/04\/salon-gorunus6-1.jpg\" data-src=\"http:\/\/paspartumimarlik.com.tr\/wp-content\/uploads\/2022\/04\/salon-gorunus6-1.jpg\" data-caption=\"\" data-srcset=\"http:\/\/paspartumimarlik.com.tr\/wp-content\/uploads\/2022\/04\/salon-gorunus6-1.jpg 1191w, http:\/\/paspartumimarlik.com.tr\/wp-content\/uploads\/2022\/04\/salon-gorunus6-1-300x212.jpg 300w, http:\/\/paspartumimarlik.com.tr\/wp-content\/uploads\/2022\/04\/salon-gorunus6-1-1024x724.jpg 1024w, http:\/\/paspartumimarlik.com.tr\/wp-content\/uploads\/2022\/04\/salon-gorunus6-1-768x543.jpg 768w, http:\/\/paspartumimarlik.com.tr\/wp-content\/uploads\/2022\/04\/salon-gorunus6-1-18x12.jpg 18w\" data-sizes=\"(max-width: 1191px) 100vw, 1191px\" \/>\n\t\t\t\t\t<a data-image-id=\"1008\" href=\"http:\/\/paspartumimarlik.com.tr\/wp-content\/uploads\/2022\/04\/salon-gorunus9.jpg\" rel=\"jtg-1919\" data-caption=\"\" aria-label=\"Open image in lightbox\" title=\"Open image in lightbox\"><\/a>\n\t\t<img loading=\"lazy\" decoding=\"async\" data-valign=\"middle\" data-halign=\"center\" alt=\"\" data-full=\"http:\/\/paspartumimarlik.com.tr\/wp-content\/uploads\/2022\/04\/salon-gorunus9.jpg\" title=\"salon g\u00f6r\u00fcn\u00fc\u015f9\" width=\"0\" height=\"0\" src=\"http:\/\/paspartumimarlik.com.tr\/wp-content\/uploads\/2022\/04\/salon-gorunus9.jpg\" data-src=\"http:\/\/paspartumimarlik.com.tr\/wp-content\/uploads\/2022\/04\/salon-gorunus9.jpg\" data-caption=\"\" data-srcset=\"http:\/\/paspartumimarlik.com.tr\/wp-content\/uploads\/2022\/04\/salon-gorunus9.jpg 1191w, http:\/\/paspartumimarlik.com.tr\/wp-content\/uploads\/2022\/04\/salon-gorunus9-300x212.jpg 300w, http:\/\/paspartumimarlik.com.tr\/wp-content\/uploads\/2022\/04\/salon-gorunus9-1024x724.jpg 1024w, http:\/\/paspartumimarlik.com.tr\/wp-content\/uploads\/2022\/04\/salon-gorunus9-768x543.jpg 768w, http:\/\/paspartumimarlik.com.tr\/wp-content\/uploads\/2022\/04\/salon-gorunus9-18x12.jpg 18w\" data-sizes=\"(max-width: 1191px) 100vw, 1191px\" \/>\n\t\t\t\t\t<a data-image-id=\"1009\" href=\"http:\/\/paspartumimarlik.com.tr\/wp-content\/uploads\/2022\/04\/salon-gorunus10nurus_to.jpg\" rel=\"jtg-1919\" data-caption=\"\" aria-label=\"Open image in lightbox\" title=\"Open image in lightbox\"><\/a>\n\t\t<img loading=\"lazy\" decoding=\"async\" data-valign=\"middle\" data-halign=\"center\" alt=\"\" data-full=\"http:\/\/paspartumimarlik.com.tr\/wp-content\/uploads\/2022\/04\/salon-gorunus10nurus_to.jpg\" title=\"salon g\u00f6r\u00fcn\u00fc\u015f10nurus_to\" width=\"0\" height=\"0\" src=\"http:\/\/paspartumimarlik.com.tr\/wp-content\/uploads\/2022\/04\/salon-gorunus10nurus_to.jpg\" data-src=\"http:\/\/paspartumimarlik.com.tr\/wp-content\/uploads\/2022\/04\/salon-gorunus10nurus_to.jpg\" data-caption=\"\" data-srcset=\"http:\/\/paspartumimarlik.com.tr\/wp-content\/uploads\/2022\/04\/salon-gorunus10nurus_to.jpg 1191w, http:\/\/paspartumimarlik.com.tr\/wp-content\/uploads\/2022\/04\/salon-gorunus10nurus_to-300x212.jpg 300w, http:\/\/paspartumimarlik.com.tr\/wp-content\/uploads\/2022\/04\/salon-gorunus10nurus_to-1024x724.jpg 1024w, http:\/\/paspartumimarlik.com.tr\/wp-content\/uploads\/2022\/04\/salon-gorunus10nurus_to-768x543.jpg 768w, http:\/\/paspartumimarlik.com.tr\/wp-content\/uploads\/2022\/04\/salon-gorunus10nurus_to-18x12.jpg 18w\" data-sizes=\"(max-width: 1191px) 100vw, 1191px\" \/>\n\t\t\t\t\t<a data-image-id=\"1010\" href=\"http:\/\/paspartumimarlik.com.tr\/wp-content\/uploads\/2022\/04\/salon-gorunus11nurus_to.jpg\" rel=\"jtg-1919\" data-caption=\"\" aria-label=\"Open image in lightbox\" title=\"Open image in lightbox\"><\/a>\n\t\t<img loading=\"lazy\" decoding=\"async\" data-valign=\"middle\" data-halign=\"center\" alt=\"\" data-full=\"http:\/\/paspartumimarlik.com.tr\/wp-content\/uploads\/2022\/04\/salon-gorunus11nurus_to.jpg\" title=\"salon g\u00f6r\u00fcn\u00fc\u015f11nurus_to\" width=\"0\" height=\"0\" src=\"http:\/\/paspartumimarlik.com.tr\/wp-content\/uploads\/2022\/04\/salon-gorunus11nurus_to.jpg\" data-src=\"http:\/\/paspartumimarlik.com.tr\/wp-content\/uploads\/2022\/04\/salon-gorunus11nurus_to.jpg\" data-caption=\"\" data-srcset=\"http:\/\/paspartumimarlik.com.tr\/wp-content\/uploads\/2022\/04\/salon-gorunus11nurus_to.jpg 1191w, http:\/\/paspartumimarlik.com.tr\/wp-content\/uploads\/2022\/04\/salon-gorunus11nurus_to-300x212.jpg 300w, http:\/\/paspartumimarlik.com.tr\/wp-content\/uploads\/2022\/04\/salon-gorunus11nurus_to-1024x724.jpg 1024w, http:\/\/paspartumimarlik.com.tr\/wp-content\/uploads\/2022\/04\/salon-gorunus11nurus_to-768x543.jpg 768w, http:\/\/paspartumimarlik.com.tr\/wp-content\/uploads\/2022\/04\/salon-gorunus11nurus_to-18x12.jpg 18w\" data-sizes=\"(max-width: 1191px) 100vw, 1191px\" \/>\n\t<a href=\"http:\/\/paspartumimarlik.com.tr\/wp-admin\/post.php?post=1919&#038;action=edit#!modula-general\">Edit gallery<\/a>\n\t\t\t<a href=\"http:\/\/paspartumimarlik.com.tr\/tr\/projects\/#corporate\" target=\"_self\" role=\"button\" rel=\"noopener\">\n\t\t\t\t\t\t\tKurumsala geri gidin\n\t\t\t\t\t<\/a>","protected":false},"excerpt":{"rendered":"<p>2022 \/ Istanbul, Turkey Evergreen Trade Office Edit gallery Back to Corporate<\/p>","protected":false},"author":1,"featured_media":0,"parent":3923,"menu_order":0,"comment_status":"closed","ping_status":"closed","template":"","meta":{"_monsterinsights_skip_tracking":false,"_monsterinsights_sitenote_active":false,"_monsterinsights_sitenote_note":"","_monsterinsights_sitenote_category":0,"site-sidebar-layout":"no-sidebar","site-content-layout":"page-builder","ast-site-content-layout":"","site-content-style":"default","site-sidebar-style":"default","ast-global-header-display":"","ast-banner-title-visibility":"","ast-main-header-display":"","ast-hfb-above-header-display":"","ast-hfb-below-header-display":"","ast-hfb-mobile-header-display":"","site-post-title":"disabled","ast-breadcrumbs-content":"","ast-featured-img":"disabled","footer-sml-layout":"","theme-transparent-header-meta":"enabled","adv-header-id-meta":"","stick-header-meta":"","header-above-stick-meta":"","header-main-stick-meta":"","header-below-stick-meta":"","astra-migrate-meta-layouts":"default","ast-page-background-enabled":"default","ast-page-background-meta":{"desktop":{"background-color":"","background-image":"","background-repeat":"repeat","background-position":"center center","background-size":"auto","background-attachment":"scroll","background-type":"","background-media":"","overlay-type":"","overlay-color":"","overlay-opacity":"","overlay-gradient":""},"tablet":{"background-color":"","background-image":"","background-repeat":"repeat","background-position":"center center","background-size":"auto","background-attachment":"scroll","background-type":"","background-media":"","overlay-type":"","overlay-color":"","overlay-opacity":"","overlay-gradient":""},"mobile":{"background-color":"","background-image":"","background-repeat":"repeat","background-position":"center center","background-size":"auto","background-attachment":"scroll","background-type":"","background-media":"","overlay-type":"","overlay-color":"","overlay-opacity":"","overlay-gradient":""}},"ast-content-background-meta":{"desktop":{"background-color":"var(--ast-global-color-5)","background-image":"","background-repeat":"repeat","background-position":"center center","background-size":"auto","background-attachment":"scroll","background-type":"","background-media":"","overlay-type":"","overlay-color":"","overlay-opacity":"","overlay-gradient":""},"tablet":{"background-color":"var(--ast-global-color-5)","background-image":"","background-repeat":"repeat","background-position":"center center","background-size":"auto","background-attachment":"scroll","background-type":"","background-media":"","overlay-type":"","overlay-color":"","overlay-opacity":"","overlay-gradient":""},"mobile":{"background-color":"var(--ast-global-color-5)","background-image":"","background-repeat":"repeat","background-position":"center center","background-size":"auto","background-attachment":"scroll","background-type":"","background-media":"","overlay-type":"","overlay-color":"","overlay-opacity":"","overlay-gradient":""}},"footnotes":""},"class_list":["post-1180","page","type-page","status-publish","hentry"],"yoast_head":"<!-- This site is optimized with the Yoast SEO plugin v23.3 - https:\/\/yoast.com\/wordpress\/plugins\/seo\/ -->\n<title>Evergreen Trade Office - Paspartu Mimarl\u0131k<\/title>\n<meta name=\"robots\" content=\"index, follow, max-snippet:-1, max-image-preview:large, max-video-preview:-1\" \/>\n<link rel=\"canonical\" href=\"https:\/\/paspartumimarlik.com.tr\/tr\/projects\/evergreen-trade-office\/\" \/>\n<meta property=\"og:locale\" content=\"tr_TR\" \/>\n<meta property=\"og:type\" content=\"article\" \/>\n<meta property=\"og:title\" content=\"Evergreen Trade Office - Paspartu Mimarl\u0131k\" \/>\n<meta property=\"og:description\" content=\"2022 \/ Istanbul, Turkey Evergreen Trade Office Edit gallery Back to Corporate\" \/>\n<meta property=\"og:url\" content=\"https:\/\/paspartumimarlik.com.tr\/tr\/projects\/evergreen-trade-office\/\" \/>\n<meta property=\"og:site_name\" content=\"Paspartu Mimarl\u0131k\" \/>\n<meta property=\"article:modified_time\" content=\"2023-10-13T12:33:47+00:00\" \/>\n<meta property=\"og:image\" content=\"http:\/\/paspartumimarlik.com.tr\/wp-content\/uploads\/2022\/04\/salon-gorunus-2.jpg\" \/>\n<meta name=\"twitter:card\" content=\"summary_large_image\" \/>\n<meta name=\"twitter:label1\" content=\"Tahmini okuma s\u00fcresi\" \/>\n\t<meta name=\"twitter:data1\" content=\"1 dakika\" \/>\n<script type=\"application\/ld+json\" class=\"yoast-schema-graph\">{\"@context\":\"https:\/\/schema.org\",\"@graph\":[{\"@type\":\"WebPage\",\"@id\":\"https:\/\/paspartumimarlik.com.tr\/en\/projects\/evergreen-trade-office\/\",\"url\":\"https:\/\/paspartumimarlik.com.tr\/en\/projects\/evergreen-trade-office\/\",\"name\":\"Evergreen Trade Office - Paspartu Mimarl\u0131k\",\"isPartOf\":{\"@id\":\"https:\/\/paspartumimarlik.com.tr\/#website\"},\"primaryImageOfPage\":{\"@id\":\"https:\/\/paspartumimarlik.com.tr\/en\/projects\/evergreen-trade-office\/#primaryimage\"},\"image\":{\"@id\":\"https:\/\/paspartumimarlik.com.tr\/en\/projects\/evergreen-trade-office\/#primaryimage\"},\"thumbnailUrl\":\"http:\/\/paspartumimarlik.com.tr\/wp-content\/uploads\/2022\/04\/salon-gorunus-2.jpg\",\"datePublished\":\"2022-04-26T09:34:39+00:00\",\"dateModified\":\"2023-10-13T12:33:47+00:00\",\"breadcrumb\":{\"@id\":\"https:\/\/paspartumimarlik.com.tr\/en\/projects\/evergreen-trade-office\/#breadcrumb\"},\"inLanguage\":\"tr\",\"potentialAction\":[{\"@type\":\"ReadAction\",\"target\":[\"https:\/\/paspartumimarlik.com.tr\/en\/projects\/evergreen-trade-office\/\"]}]},{\"@type\":\"ImageObject\",\"inLanguage\":\"tr\",\"@id\":\"https:\/\/paspartumimarlik.com.tr\/en\/projects\/evergreen-trade-office\/#primaryimage\",\"url\":\"http:\/\/paspartumimarlik.com.tr\/wp-content\/uploads\/2022\/04\/salon-gorunus-2.jpg\",\"contentUrl\":\"http:\/\/paspartumimarlik.com.tr\/wp-content\/uploads\/2022\/04\/salon-gorunus-2.jpg\"},{\"@type\":\"BreadcrumbList\",\"@id\":\"https:\/\/paspartumimarlik.com.tr\/en\/projects\/evergreen-trade-office\/#breadcrumb\",\"itemListElement\":[{\"@type\":\"ListItem\",\"position\":1,\"name\":\"Home\",\"item\":\"https:\/\/paspartumimarlik.com.tr\/en\/\"},{\"@type\":\"ListItem\",\"position\":2,\"name\":\"Projects\",\"item\":\"https:\/\/paspartumimarlik.com.tr\/en\/projects\/\"},{\"@type\":\"ListItem\",\"position\":3,\"name\":\"Evergreen Trade Office\"}]},{\"@type\":\"WebSite\",\"@id\":\"https:\/\/paspartumimarlik.com.tr\/#website\",\"url\":\"https:\/\/paspartumimarlik.com.tr\/\",\"name\":\"Paspartu Mimarl\u0131k\",\"description\":\"Architecture &amp; Design\",\"publisher\":{\"@id\":\"https:\/\/paspartumimarlik.com.tr\/#organization\"},\"potentialAction\":[{\"@type\":\"SearchAction\",\"target\":{\"@type\":\"EntryPoint\",\"urlTemplate\":\"https:\/\/paspartumimarlik.com.tr\/?s={search_term_string}\"},\"query-input\":\"required name=search_term_string\"}],\"inLanguage\":\"tr\"},{\"@type\":\"Organization\",\"@id\":\"https:\/\/paspartumimarlik.com.tr\/#organization\",\"name\":\"Paspartu Mimarl\u0131k - Architecture & Design\",\"url\":\"https:\/\/paspartumimarlik.com.tr\/\",\"logo\":{\"@type\":\"ImageObject\",\"inLanguage\":\"tr\",\"@id\":\"https:\/\/paspartumimarlik.com.tr\/#\/schema\/logo\/image\/\",\"url\":\"http:\/\/paspartumimarlik.com.tr\/wp-content\/uploads\/2022\/04\/paspartu_org-1.png\",\"contentUrl\":\"http:\/\/paspartumimarlik.com.tr\/wp-content\/uploads\/2022\/04\/paspartu_org-1.png\",\"width\":1487,\"height\":410,\"caption\":\"Paspartu Mimarl\u0131k - Architecture & Design\"},\"image\":{\"@id\":\"https:\/\/paspartumimarlik.com.tr\/#\/schema\/logo\/image\/\"}}]}<\/script>\n<!-- \/ Yoast SEO plugin. -->","yoast_head_json":{"title":"Evergreen Trade Office - Paspartu Mimarl\u0131k","robots":{"index":"index","follow":"follow","max-snippet":"max-snippet:-1","max-image-preview":"max-image-preview:large","max-video-preview":"max-video-preview:-1"},"canonical":"https:\/\/paspartumimarlik.com.tr\/tr\/projects\/evergreen-trade-office\/","og_locale":"tr_TR","og_type":"article","og_title":"Evergreen Trade Office - Paspartu Mimarl\u0131k","og_description":"2022 \/ Istanbul, Turkey Evergreen Trade Office Edit gallery Back to Corporate","og_url":"https:\/\/paspartumimarlik.com.tr\/tr\/projects\/evergreen-trade-office\/","og_site_name":"Paspartu Mimarl\u0131k","article_modified_time":"2023-10-13T12:33:47+00:00","og_image":[{"url":"http:\/\/paspartumimarlik.com.tr\/wp-content\/uploads\/2022\/04\/salon-gorunus-2.jpg"}],"twitter_card":"summary_large_image","twitter_misc":{"Tahmini okuma s\u00fcresi":"1 dakika"},"schema":{"@context":"https:\/\/schema.org","@graph":[{"@type":"WebPage","@id":"https:\/\/paspartumimarlik.com.tr\/en\/projects\/evergreen-trade-office\/","url":"https:\/\/paspartumimarlik.com.tr\/en\/projects\/evergreen-trade-office\/","name":"Evergreen Trade Office - Paspartu Mimarl\u0131k","isPartOf":{"@id":"https:\/\/paspartumimarlik.com.tr\/#website"},"primaryImageOfPage":{"@id":"https:\/\/paspartumimarlik.com.tr\/en\/projects\/evergreen-trade-office\/#primaryimage"},"image":{"@id":"https:\/\/paspartumimarlik.com.tr\/en\/projects\/evergreen-trade-office\/#primaryimage"},"thumbnailUrl":"http:\/\/paspartumimarlik.com.tr\/wp-content\/uploads\/2022\/04\/salon-gorunus-2.jpg","datePublished":"2022-04-26T09:34:39+00:00","dateModified":"2023-10-13T12:33:47+00:00","breadcrumb":{"@id":"https:\/\/paspartumimarlik.com.tr\/en\/projects\/evergreen-trade-office\/#breadcrumb"},"inLanguage":"tr","potentialAction":[{"@type":"ReadAction","target":["https:\/\/paspartumimarlik.com.tr\/en\/projects\/evergreen-trade-office\/"]}]},{"@type":"ImageObject","inLanguage":"tr","@id":"https:\/\/paspartumimarlik.com.tr\/en\/projects\/evergreen-trade-office\/#primaryimage","url":"http:\/\/paspartumimarlik.com.tr\/wp-content\/uploads\/2022\/04\/salon-gorunus-2.jpg","contentUrl":"http:\/\/paspartumimarlik.com.tr\/wp-content\/uploads\/2022\/04\/salon-gorunus-2.jpg"},{"@type":"BreadcrumbList","@id":"https:\/\/paspartumimarlik.com.tr\/en\/projects\/evergreen-trade-office\/#breadcrumb","itemListElement":[{"@type":"ListItem","position":1,"name":"Home","item":"https:\/\/paspartumimarlik.com.tr\/en\/"},{"@type":"ListItem","position":2,"name":"Projects","item":"https:\/\/paspartumimarlik.com.tr\/en\/projects\/"},{"@type":"ListItem","position":3,"name":"Evergreen Trade Office"}]},{"@type":"WebSite","@id":"https:\/\/paspartumimarlik.com.tr\/#website","url":"https:\/\/paspartumimarlik.com.tr\/","name":"Paspartu Mimarl\u0131k","description":"Architecture &amp; Design","publisher":{"@id":"https:\/\/paspartumimarlik.com.tr\/#organization"},"potentialAction":[{"@type":"SearchAction","target":{"@type":"EntryPoint","urlTemplate":"https:\/\/paspartumimarlik.com.tr\/?s={search_term_string}"},"query-input":"required name=search_term_string"}],"inLanguage":"tr"},{"@type":"Organization","@id":"https:\/\/paspartumimarlik.com.tr\/#organization","name":"Paspartu Mimarl\u0131k - Architecture & Design","url":"https:\/\/paspartumimarlik.com.tr\/","logo":{"@type":"ImageObject","inLanguage":"tr","@id":"https:\/\/paspartumimarlik.com.tr\/#\/schema\/logo\/image\/","url":"http:\/\/paspartumimarlik.com.tr\/wp-content\/uploads\/2022\/04\/paspartu_org-1.png","contentUrl":"http:\/\/paspartumimarlik.com.tr\/wp-content\/uploads\/2022\/04\/paspartu_org-1.png","width":1487,"height":410,"caption":"Paspartu Mimarl\u0131k - Architecture & Design"},"image":{"@id":"https:\/\/paspartumimarlik.com.tr\/#\/schema\/logo\/image\/"}}]}},"_links":{"self":[{"href":"https:\/\/paspartumimarlik.com.tr\/tr\/wp-json\/wp\/v2\/pages\/1180","targetHints":{"allow":["GET"]}}],"collection":[{"href":"https:\/\/paspartumimarlik.com.tr\/tr\/wp-json\/wp\/v2\/pages"}],"about":[{"href":"https:\/\/paspartumimarlik.com.tr\/tr\/wp-json\/wp\/v2\/types\/page"}],"author":[{"embeddable":true,"href":"https:\/\/paspartumimarlik.com.tr\/tr\/wp-json\/wp\/v2\/users\/1"}],"replies":[{"embeddable":true,"href":"https:\/\/paspartumimarlik.com.tr\/tr\/wp-json\/wp\/v2\/comments?post=1180"}],"version-history":[{"count":0,"href":"https:\/\/paspartumimarlik.com.tr\/tr\/wp-json\/wp\/v2\/pages\/1180\/revisions"}],"up":[{"embeddable":true,"href":"https:\/\/paspartumimarlik.com.tr\/tr\/wp-json\/wp\/v2\/pages\/3923"}],"wp:attachment":[{"href":"https:\/\/paspartumimarlik.com.tr\/tr\/wp-json\/wp\/v2\/media?parent=1180"}],"curies":[{"name":"wp","href":"https:\/\/api.w.org\/{rel}","templated":true}]}}